{"id":3456,"date":"2015-11-07T16:47:09","date_gmt":"2015-11-07T16:47:09","guid":{"rendered":"http:\/\/wphunters.com\/dentist\/?page_id=34569"},"modified":"2023-11-06T13:01:44","modified_gmt":"2023-11-06T12:01:44","slug":"front-page","status":"publish","type":"page","link":"https:\/\/mmdent.rs\/at\/","title":{"rendered":"Naslovna"},"content":{"rendered":"<div class=\"fw-page-builder-content\">\n<h1>Zahnpflege Urlaub<\/h1>\n<p> HOCHWERTIGE ZAHN\u00c4RZTLICHE DIENSTLEISTUNGEN<br \/>\n <a href=\"https:\/\/mmdent.rs\/at\/#s3\"><br \/>\n Erz\u00e4hl mir mehr <\/a><\/p>\n<h1><\/h1>\n<p><br \/>\ndocument.addEventListener(&#8220;DOMContentLoaded&#8221;, function(event) {<br \/>\n jQuery( &#8216;#slider-pro-3-3753&#8217; ).sliderPro({<br \/>\n \/\/width<br \/>\n forceSize: &#8216;fullWidth&#8217;,<br \/>\n \/\/height<br \/>\n autoHeight: true,<br \/>\n \/\/auto play<br \/>\n autoplay: true,<br \/>\n autoplayOnHover: &#8216;none&#8217;,<br \/>\n autoplayDelay: 6000,<br \/>\n arrows: true,<br \/>\n buttons: false,<br \/>\n smallSize: 500,<br \/>\n mediumSize: 1000,<br \/>\n largeSize: 3000,<br \/>\n fade: true,<br \/>\n \/\/thumbnail<br \/>\n thumbnailArrows: true,<br \/>\n thumbnailWidth: 120,<br \/>\n thumbnailHeight: 120,<br \/>\n thumbnailsPosition: &#8216;bottom&#8217;,<br \/>\n centerImage: true,<br \/>\n imageScaleMode: &#8216;cover&#8217;,<br \/>\n allowScaleUp: true,<br \/>\n startSlide: 0,<br \/>\n loop: true,<br \/>\n slideDistance: 5,<br \/>\n autoplayDirection: &#8216;normal&#8217;,<br \/>\n touchSwipe: true,<br \/>\n fullScreen: false,<br \/>\n });<br \/>\n});<br \/>\n\/* Layout 3 *\/<br \/>\n\/* border *\/<br \/>\n#slider-pro-3-3753 .sp-selected-thumbnail {<br \/>\n border: 4px solid #000000;<br \/>\n}<br \/>\n\/* font + color *\/<br \/>\n.title-in {<br \/>\n font-family: Arial !important;<br \/>\n color: #000000 !important;<br \/>\n background-color: #FFFFFF !important;<br \/>\n opacity: 0.7 !important;<br \/>\n}<br \/>\n.desc-in {<br \/>\n font-family: Arial !important;<br \/>\n color: #FFFFFF !important;<br \/>\n background-color: #000000 !important;<br \/>\n opacity: 0.7 !important;<br \/>\n}<br \/>\n\/* bullets color *\/<br \/>\n.sp-button {<br \/>\n border: 2px solid #000000 !important;<br \/>\n}<br \/>\n.sp-selected-button {<br \/>\n background-color: #000000 !important;<br \/>\n}<br \/>\n\/* pointer color &#8211; bottom *\/<br \/>\n.sp-selected-thumbnail::before {<br \/>\n border-bottom: 5px solid #000000 !important;<br \/>\n}<br \/>\n.sp-selected-thumbnail::after {<br \/>\n border-bottom: 13px solid #000000 !important;<br \/>\n}<br \/>\n\/* pointer color &#8211; top *\/<br \/>\n\/* full screen icon *\/<br \/>\n.sp-full-screen-button::before {<br \/>\n color: #FFFFFF !important;<br \/>\n}<br \/>\n\/* hover navigation icon color *\/<br \/>\n.sp-next-arrow::after, .sp-next-arrow::before {<br \/>\n background-color: #FFFFFF !important;<br \/>\n}<br \/>\n.sp-previous-arrow::after, .sp-previous-arrow::before {<br \/>\n background-color: #FFFFFF !important;<br \/>\n}<br \/>\n#slider-pro-3-3753 .title-in {<br \/>\n color: #000000 !important;<br \/>\n font-weight: bolder;<br \/>\n text-align: center;<br \/>\n}<br \/>\n#slider-pro-3-3753 .title-in-bg {<br \/>\n background: rgba(255, 255, 255, 0.7); !important;<br \/>\n white-space: unset !important;<br \/>\n max-width: 90%;<br \/>\n min-width: 40%;<br \/>\n transform: initial !important;<br \/>\n -webkit-transform: initial !important;<br \/>\n font-size: 14px !important;<br \/>\n}<br \/>\n#slider-pro-3-3753 .desc-in {<br \/>\n color: #FFFFFF !important;<br \/>\n text-align: center;<br \/>\n}<br \/>\n#slider-pro-3-3753 .desc-in-bg {<br \/>\n background: rgba(#000000, 0.7) !important;<br \/>\n white-space: unset !important;<br \/>\n width: 80% !important;<br \/>\n min-width: 30%;<br \/>\n transform: initial !important;<br \/>\n -webkit-transform: initial !important;<br \/>\n font-size: 13px !important;<br \/>\n}<br \/>\n@media (max-width: 640px) {<br \/>\n #slider-pro-3-3753 .hide-small-screen {<br \/>\n display: none;<br \/>\n }<br \/>\n}<br \/>\n@media (max-width: 860px) {<br \/>\n #slider-pro-3-3753 .sp-layer {<br \/>\n font-size: 18px;<br \/>\n }<br \/>\n #slider-pro-3-3753 .hide-medium-screen {<br \/>\n display: none;<br \/>\n }<br \/>\n}<br \/>\n.slides-not-found {<br \/>\n background-color: #a92929;<br \/>\n border-radius: 5px;<br \/>\n color: #fff;<br \/>\n font-family: initial;<br \/>\n text-align: center;<br \/>\n padding:12px;<br \/>\n}<br \/>\n\/* Custom CSS *\/<br \/>\n No Slide Found In Slider. <\/p>\n<h1>Zahnpflege Urlaub<\/h1>\n<p> HOCHWERTIGE ZAHN\u00c4RZTLICHE DIENSTLEISTUNGEN<br \/>\n <a href=\"https:\/\/mmdent.rs\/at\/#s3\"><br \/>\n Erz\u00e4hl mir mehr <\/a><\/p>\n<h1><\/h1>\n<p><br \/>\ndocument.addEventListener(&#8220;DOMContentLoaded&#8221;, function(event) {<br \/>\n jQuery( &#8216;#slider-pro-3-3753&#8217; ).sliderPro({<br \/>\n \/\/width<br \/>\n forceSize: &#8216;fullWidth&#8217;,<br \/>\n \/\/height<br \/>\n autoHeight: true,<br \/>\n \/\/auto play<br \/>\n autoplay: true,<br \/>\n autoplayOnHover: &#8216;none&#8217;,<br \/>\n autoplayDelay: 6000,<br \/>\n arrows: true,<br \/>\n buttons: false,<br \/>\n smallSize: 500,<br \/>\n mediumSize: 1000,<br \/>\n largeSize: 3000,<br \/>\n fade: true,<br \/>\n \/\/thumbnail<br \/>\n thumbnailArrows: true,<br \/>\n thumbnailWidth: 120,<br \/>\n thumbnailHeight: 120,<br \/>\n thumbnailsPosition: &#8216;bottom&#8217;,<br \/>\n centerImage: true,<br \/>\n imageScaleMode: &#8216;cover&#8217;,<br \/>\n allowScaleUp: true,<br \/>\n startSlide: 0,<br \/>\n loop: true,<br \/>\n slideDistance: 5,<br \/>\n autoplayDirection: &#8216;normal&#8217;,<br \/>\n touchSwipe: true,<br \/>\n fullScreen: false,<br \/>\n });<br \/>\n});<br \/>\n\/* Layout 3 *\/<br \/>\n\/* border *\/<br \/>\n#slider-pro-3-3753 .sp-selected-thumbnail {<br \/>\n border: 4px solid #000000;<br \/>\n}<br \/>\n\/* font + color *\/<br \/>\n.title-in {<br \/>\n font-family: Arial !important;<br \/>\n color: #000000 !important;<br \/>\n background-color: #FFFFFF !important;<br \/>\n opacity: 0.7 !important;<br \/>\n}<br \/>\n.desc-in {<br \/>\n font-family: Arial !important;<br \/>\n color: #FFFFFF !important;<br \/>\n background-color: #000000 !important;<br \/>\n opacity: 0.7 !important;<br \/>\n}<br \/>\n\/* bullets color *\/<br \/>\n.sp-button {<br \/>\n border: 2px solid #000000 !important;<br \/>\n}<br \/>\n.sp-selected-button {<br \/>\n background-color: #000000 !important;<br \/>\n}<br \/>\n\/* pointer color &#8211; bottom *\/<br \/>\n.sp-selected-thumbnail::before {<br \/>\n border-bottom: 5px solid #000000 !important;<br \/>\n}<br \/>\n.sp-selected-thumbnail::after {<br \/>\n border-bottom: 13px solid #000000 !important;<br \/>\n}<br \/>\n\/* pointer color &#8211; top *\/<br \/>\n\/* full screen icon *\/<br \/>\n.sp-full-screen-button::before {<br \/>\n color: #FFFFFF !important;<br \/>\n}<br \/>\n\/* hover navigation icon color *\/<br \/>\n.sp-next-arrow::after, .sp-next-arrow::before {<br \/>\n background-color: #FFFFFF !important;<br \/>\n}<br \/>\n.sp-previous-arrow::after, .sp-previous-arrow::before {<br \/>\n background-color: #FFFFFF !important;<br \/>\n}<br \/>\n#slider-pro-3-3753 .title-in {<br \/>\n color: #000000 !important;<br \/>\n font-weight: bolder;<br \/>\n text-align: center;<br \/>\n}<br \/>\n#slider-pro-3-3753 .title-in-bg {<br \/>\n background: rgba(255, 255, 255, 0.7); !important;<br \/>\n white-space: unset !important;<br \/>\n max-width: 90%;<br \/>\n min-width: 40%;<br \/>\n transform: initial !important;<br \/>\n -webkit-transform: initial !important;<br \/>\n font-size: 14px !important;<br \/>\n}<br \/>\n#slider-pro-3-3753 .desc-in {<br \/>\n color: #FFFFFF !important;<br \/>\n text-align: center;<br \/>\n}<br \/>\n#slider-pro-3-3753 .desc-in-bg {<br \/>\n background: rgba(#000000, 0.7) !important;<br \/>\n white-space: unset !important;<br \/>\n width: 80% !important;<br \/>\n min-width: 30%;<br \/>\n transform: initial !important;<br \/>\n -webkit-transform: initial !important;<br \/>\n font-size: 13px !important;<br \/>\n}<br \/>\n@media (max-width: 640px) {<br \/>\n #slider-pro-3-3753 .hide-small-screen {<br \/>\n display: none;<br \/>\n }<br \/>\n}<br \/>\n@media (max-width: 860px) {<br \/>\n #slider-pro-3-3753 .sp-layer {<br \/>\n font-size: 18px;<br \/>\n }<br \/>\n #slider-pro-3-3753 .hide-medium-screen {<br \/>\n display: none;<br \/>\n }<br \/>\n}<br \/>\n.slides-not-found {<br \/>\n background-color: #a92929;<br \/>\n border-radius: 5px;<br \/>\n color: #fff;<br \/>\n font-family: initial;<br \/>\n text-align: center;<br \/>\n padding:12px;<br \/>\n}<br \/>\n\/* Custom CSS *\/<br \/>\n No Slide Found In Slider. <\/p>\n<p> <img src=\"\/\/mmdent.rs\/wp-content\/uploads\/2015\/11\/o-nama.jpg\" alt=\"\"\/><\/p>\n<h2 class='fw-special-title'>\u00dcber uns<\/h2>\n<p>MMDENT bietet hochwertige zahn\u00e4rztliche Leistungen aus dem Bereich der Oralchirurgie, Paradontopathologie, Zahnkrankheiten, Prothetik, \u00e4sthetischen Zahnheilkunde, Kieferorthop\u00e4die, Radiologie, Zahntechnik.<\/p>\n<p>Durch Anwendung der neuesten Materialen, die modernen europ\u00e4ischen Standards folgen, erhalten Sie mit moderner Diagnostik einen guten Rat, wie Sie Ihr gesundheitliches oder \u00e4sthetisches Problem am besten l\u00f6sen k\u00f6nnten, je nach Ihren Anforderungen und Ihren M\u00f6glichkeiten.<\/p>\n<p><a href=\"#kontakt\" target=\"_self\" class=\"btn btn-lg btn-primary\" data-action=\"scroll\" rel=\"noopener\"><br \/>\n Kontaktirajte nas<br \/>\n<\/a><\/p>\n<p style=\"text-align: justify;\">Liebe und Professionalit\u00e4t bei der Arbeit, Liebe zu den Menschen, individueller Zugang, Bedingungen und Hygiene, st\u00e4ndige Weiterbildung und Verfolgung von Welttrends rechtfertigten die Existenz der Zahnarztpraxis MMDENT. F\u00fcr uns gibt es keine unl\u00f6sliche F\u00e4lle, halbe L\u00f6sungen, ohne Kompromisse, unsere Patienten sind maximal gesch\u00fctzt, unsere Erfolgsstatistik ist h\u00f6her als die weltliche, unsere Dienste sind hochwertig und hoch\u00e4sthetisch.<\/p>\n<p><p class=\"istaknut-tekst\">NUNSER L\u00c4CHELN IST ERKENNBAR, UNSER L\u00c4CHELN BLEIBT IN ERINNERUNG!<br \/>\nDenn, DIE PERFEKTION IST UNSER STANDARD!<\/p>\n<\/p>\n<p> <a href=\"#6\" class=\"btn btn-lg btn-primary\" target=\"_self\" rel=\"noopener\"><br \/>\n Kontaktiere uns<br \/>\n <\/a><\/p>\n<h4 class='fw-special-title'>Untersuchung bei uns<\/h4>\n<p style=\"text-align: justify;\">wir h\u00f6ren zu um Ihr Problem vollst\u00e4ndig verstehen zu k\u00f6nnenwir erkl\u00e4ren die Behandlung sehr sorgf\u00e4ltigwir beantworten alle Ihre Fragenwir w\u00e4hlen eine f\u00fcr Sie passende Behandlungsm\u00f6glichkeitwir ermutigen Sie, die besten Optionen zu w\u00e4hlen, die Ihnen zur Verf\u00fcgung stehen<\/p>\n<h4 class='fw-special-title'>Vor und w\u00e4hrend der Behandlung<\/h4>\n<p style=\"text-align: justify;\">wir erkl\u00e4ren Ihnen das anzuwendende Behandlungsverfahrenvor der Lokalan\u00e4sthesie verwenden wir immer ein pr\u00e4an\u00e4sthetisches Gel, um die Stelle des Stiches zu bet\u00e4ubenwir nutzen die f\u00fcr eine qualitativ hochwertige Behandlung erforderliche Zeitwir erkl\u00e4ren Ihnen, was wir gemacht und wann wir Ihre Behandlung abgeschlossen haben<\/p>\n<h2 class='fw-special-title'>Unsere vision<\/h2>\n<p style=\"text-align: justify;\">Als eine Praxis glauben wir wirklich, dass vorbeugende Pflege und Ausbildung die Wege zu einer optimalen Zahngesundheit sind Wir bem\u00fchen uns um die &#8220;Gesundheitspflege f\u00fcr die Z\u00e4hne&#8221; und deshalb konzentrieren wir uns im Gespr\u00e4ch mit dem Patienten auf den allgemeinen Zustand von Mund, Z\u00e4hnen und Zahnfleisch Unser Ziel ist, durch Vorbeugung eine gute Zahngesundheit f\u00fcr Sie und Ihre Familie zu erreichen, das bedeutet, dass wir Sie beraten, Ihnen helfen zu verstehen, wie man sich um die Z\u00e4hne k\u00fcmmern soll, um den Bedarf an Zahnbehandlungen zu reduzierenWir empfehlen Ihnen, eine regelm\u00e4\u00dfige Routine der Entfernung von Kalk und weichen Ablagerungen, Putzen mit Zahnseide, Fluoridierung, da alles zur Vorbeugung von Zahnerkrankungen behilflich istWir k\u00fcmmern uns nicht nur um Ihr wunderbares L\u00e4cheln, sondern auch um Ihre Gesundheit Wir wollen, dass jeder aus unserer Praxis zufrieden und l\u00e4chelnd geht, denn nur eine Empfehlung ist die richtige Werbung f\u00fcr uns<\/p>\n<p class=\"istaknut-tekst\">Unser Motto hei\u00dft MODERNE ZAHNMEDIZIN \u2013 SCHMERZFREIE ZAHNMEDIZIN!!!<\/p>\n<h2 class='fw-special-title'>Unsere Dienste<\/h2>\n<p> <a href=\"\" target=\"_self\" rel=\"noopener\"><img src=\"\/\/mmdent.rs\/wp-content\/uploads\/2016\/01\/orthodontic1.jpg\" alt=\"\/\/mmdent.rs\/wp-content\/uploads\/2016\/01\/orthodontic1.jpg\" \/><\/a><\/p>\n<p><\/p>\n<h3 class=\"naziv_usluge\"><a href=\"https:\/\/mmdent.rs\/at\/kieferorthopadie\/\">Kieferorthop\u00e4die<\/a><\/h3>\n<p><\/p>\n<p> <a href=\"\" target=\"_self\" rel=\"noopener\"><img src=\"\/\/mmdent.rs\/wp-content\/uploads\/2017\/11\/what-is-plaque1-e1509660518528.jpg\" alt=\"\/\/mmdent.rs\/wp-content\/uploads\/2017\/11\/what-is-plaque1-e1509660518528.jpg\" \/><\/a><\/p>\n<p><\/p>\n<h3 class=\"naziv_usluge\"><a href=\"https:\/\/mmdent.rs\/at\/zahnkrankheiten\/\">Zahnkrankheiten<\/a><\/h3>\n<p><\/p>\n<p> <a href=\"\" target=\"_self\" rel=\"noopener\"><img src=\"\/\/mmdent.rs\/wp-content\/uploads\/2016\/01\/whitening.jpg\" alt=\"\/\/mmdent.rs\/wp-content\/uploads\/2016\/01\/whitening.jpg\" \/><\/a><\/p>\n<p><\/p>\n<h3 class=\"naziv_usluge\"><a href=\"https:\/\/mmdent.rs\/at\/asthetische-zahnmedizin\/\">\u00c4sthetische Zahnmedizin<\/a><\/h3>\n<p><\/p>\n<p> <a href=\"\" target=\"_self\" rel=\"noopener\"><img src=\"\/\/mmdent.rs\/wp-content\/uploads\/2016\/01\/emergency.jpg\" alt=\"\/\/mmdent.rs\/wp-content\/uploads\/2016\/01\/emergency.jpg\" \/><\/a><\/p>\n<p><\/p>\n<h3 class=\"naziv_usluge\"><a href=\"https:\/\/mmdent.rs\/at\/prothetik\/\">Prothetik<\/a><\/h3>\n<p><\/p>\n<p> <a href=\"\" target=\"_self\" rel=\"noopener\"><img src=\"\/\/mmdent.rs\/wp-content\/uploads\/2016\/01\/surgery.jpg\" alt=\"\/\/mmdent.rs\/wp-content\/uploads\/2016\/01\/surgery.jpg\" \/><\/a><\/p>\n<p><\/p>\n<h3 class=\"naziv_usluge\"><a href=\"https:\/\/mmdent.rs\/at\/oralchirurgie\/\">Oralchirurgie<\/a><\/h3>\n<p><\/p>\n<p> <a href=\"\" target=\"_self\" rel=\"noopener\"><img src=\"\/\/mmdent.rs\/wp-content\/uploads\/2016\/01\/root.jpg\" alt=\"\/\/mmdent.rs\/wp-content\/uploads\/2016\/01\/root.jpg\" \/><\/a><\/p>\n<p><\/p>\n<h3 class=\"naziv_usluge\"><a href=\"https:\/\/mmdent.rs\/at\/radiologie\/\">Radiologie<\/a><\/h3>\n<p><\/p>\n<p> <a href=\"\" target=\"_self\" rel=\"noopener\"><img src=\"\/\/mmdent.rs\/wp-content\/uploads\/2016\/01\/checkup2.jpg\" alt=\"\/\/mmdent.rs\/wp-content\/uploads\/2016\/01\/checkup2.jpg\" \/><\/a><\/p>\n<p><\/p>\n<h3 class=\"naziv_usluge\"><a href=\"https:\/\/mmdent.rs\/at\/paradontologie\/\">Paradontologie<\/a><\/h3>\n<p><\/p>\n<p> <a href=\"\" target=\"_self\" rel=\"noopener\"><img src=\"\/\/mmdent.rs\/wp-content\/uploads\/2016\/01\/implant.jpg\" alt=\"\/\/mmdent.rs\/wp-content\/uploads\/2016\/01\/implant.jpg\" \/><\/a><\/p>\n<p><\/p>\n<h3 class=\"naziv_usluge\"><a href=\"https:\/\/mmdent.rs\/at\/zahntechnik\/\">Zahntechnik<\/a><\/h3>\n<p><\/p>\n<p><a href=\"\" target=\"_blank\" class=\"btn btn-lg btn-primary\" data-action=\"scroll\" rel=\"noopener\"><br \/>\n PRICE LIST<br \/>\n<\/a><\/p>\n<h2 class='fw-special-title'> Zahntourismus<\/h2>\n<p><\/p>\n<p style=\"text-align: justify;\">Die Hauptidee dieser Website ist die Vorstellung von MMDENT aus Nis f\u00fcr Patienten in Deutschland. Wir m\u00f6chten Ihnen Nis als die zweite Stadt in Serbien mit einem touristisch reichen kulturellen und historischen Erbe vorstellen. In unserer Klinik k\u00f6nnen Sie auf qualit\u00e4treiche Art in kurzer Zeit Ihr L\u00e4cheln versch\u00f6nern.<\/p>\n<h4 class=\"dental_tourism\" style=\"text-align: justify;\">Was bedeutet zahntourismus?<\/h4>\n<p style=\"text-align: justify;\">Zahntourismus ist ein Zweig des Gesundheitstourismus, ein Ph\u00e4nomen, weswegen viele Menschen \u00fcber die Grenzen ihres Landes hinausreisen, um zahn\u00e4rztliche Eingriffe vorzunehmen. Man k\u00f6nnte sagen, dass es einen Urlaub im Zahngesundheitsdienst darstellt.<\/p>\n<h4 class=\"dental_tourism\" style=\"text-align: justify;\">Warum zahntourismus?<\/h4>\n<p style=\"text-align: justify;\">Die Hauptgr\u00fcnde, die die Beliebtheit des Zahntourismus erh\u00f6hen, sind die in einigen L\u00e4ndern niedrigeren Preise f\u00fcr zahn\u00e4rztliche Leistungen und die M\u00f6glichkeit einer schnellen und kosteng\u00fcnstigen Reise zum gew\u00fcnschten Zielort. Das Motiv ist auch andere L\u00e4nder und Kulturen zu treffen. Kurz gesagt, eine Kombination von Sch\u00f6nem und N\u00fctzlichen mit der Einsparung einer betr\u00e4chtlichen Menge an Geld.<\/p>\n<h4 class=\"dental_tourism\" style=\"text-align: justify;\">Wie funktioniert der zahntourismus?<\/h4>\n<p style=\"text-align: justify;\">MMDENT empfielt ihren ausl\u00e4ndische Patienten die Unterkunft in Hotels (\u201cMy Place\u201d \u2013<a href=\"http:\/\/www.hotelmyplace.com\">www.hotelmyplace.com<\/a>, \u201cDuoD\u201d &#8211; <a href=\"http:\/\/www.duod.rs\">www.duod.rs<\/a>, \u201cHotel Eter\u201d <a href=\"http:\/\/www.eterhotel.rs\">www.eterhotel.rs<\/a>) im Zentrum von Nis. Die Hotels in dieser Kategorie sind wegen qualitativ hochwertigen Dienstleistungen und au\u00dfergew\u00f6hnlichem Personal bekannt. MMDENT bietet die Bef\u00f6rderung vom Flughafen zum Hotel oder B\u00fcro und umgekehrt auch f\u00fcr G\u00e4ste aus dem Ausland. F\u00fcr eine einfachere Kommunikation wird Ihnen ein Mobiltelefon mit einer Karte und einer Reihe von serbischen Betreibern zur Verf\u00fcgung gestellt, damit Sie Ihre pers\u00f6nliche Nummer nicht im Ausland verwenden m\u00fcssen. Der Aufenthalt in Nis wird viel angenehmer sein, wenn er sich nicht nur auf einen Zahnarzt-Besuch begrenzt. Unser Personal steht zu Ihrer Verf\u00fcgung und wenn Sie Hilfe bei der Auswahl der Standorte in Nis ben\u00f6tigen, die besucht werden sollten. Wir helfen Ihnen bei der Planung Ihrer eigenen Tour, Wahl eines guten Restaurants und buchen f\u00fcr Sie einen freien Platz in einem der vielen Clubs.Die ausl\u00e4ndischen Patienten erhalten beim Besuch der Zahnarztpraxis Vukovic besondere Rechnungen f\u00fcr die Auslandsversicherung, damit Sie die R\u00fcckerstattung des gesamten Betrages oder einen Teil des Betrages von Ihrer Versicherung beantragen k\u00f6nnen.Wenn Sie an unseren zahnmedizinischen Dienstleistungen interessiert sind, m\u00fcssen Sie per Post Kontakt zu uns aufnehmen. Schreiben Sie uns Ihre W\u00fcnsche und Anforderungen. Nach einer detaillierten Analyse erhalten Sie einen Vorschlag f\u00fcr Ihr Problem. Wenn wir gemeinsam entscheiden, welche Art der Behandlung in Ihrem Fall am besten w\u00e4re, vereinbaren wir dann ein weiteres Verfahren. Die Kosten f\u00fcr die Zahnbehandlung, die Sie ben\u00f6tigen, werden Ihnen sofort bekannt gegeben.<\/p>\n<h4 class=\"dental_tourism\" style=\"text-align: justify;\">Herzlich Willkommen in Nis<\/h4>\n<p style=\"text-align: justify;\">Willkommen in Nis, der Stadt, die Sie mit ihrem Charme und W\u00e4rme des S\u00fcdens erfrischen wird. Die Stadt, in der der erste christliche Kaiser geboren wurde; eine Stadt an der Kreuzung von Stra\u00dfen, die seit Jahrhunderten als Treffpunkt f\u00fcr die \u00f6stlichen und westlichen Zivilisationen bekannt ist; eine Stadt mit turbulenter historischer Vergangenheit und einzigartigen Denkmalen; eine Stadt mit freundlichen Gastgebern, gutem Essen, Bohemiens, Schauspielern, Schriftstellern, Sportlern&#8230;<\/p>\n<p style=\"text-align: justify;\">Lernen Sie Nis aus dem Blickpunkt der Nis-Bewohner kennen<\/p>\n<p style=\"text-align: justify;\">\u2022 Nis ist die dritt-gr\u00f6\u00dfte Stadt in Serbien, nach Beograd und Novi Sad, jedoch f\u00fcr jeden Nis-Bewohner die einzigartige Stadt.\u2022 Nis ist eine sehr \u201eh\u00fcbsche\u201c Stadt, mit den idealen Ma\u00dfen: 43\u00b019\u201929\u201d E geographischer L\u00e4nge und 43\u00b019\u201911\u201d N geographischer Breite, liegt auf 192 m \u00fcber dem Meerspiegel und verbreitet sich auf einer Oberfl\u00e4che von 600 km2.\u2022 Nis hat gegen 260 000 Einwohner und Einwohnerinnen.\u2022 Nis lebt auf dem Ufer des Flusses Nisava.\u2022 \u201cConnecting Continents\u201d &#8211; Nis ist eine Kreuzung die Europa mit dem Nahen Osten verbindet.\u2022 Nis ist eine ideale Ruhestation wenn Sie entlang der europ\u00e4ischen Streck \u2013 Korridor 10 brausen.\u2022 Nis ist weder eine m\u00e4\u00dfie, noch durchschnittliche Stadt, aber sie befindet sich im Bereich des m\u00e4\u00dfig-kontinentalen Klimas, mit durchschnittlicher Jahrestemperatur von 11.2\u00b0C. Der w\u00e4rmste Monat ist Juli, der k\u00e4lteste Januar.\u2022 Und nun etwas ganz seri\u00f6ses: Nis ist ein kultureller, wirtschaftlicher, Administrativs- , Gesch\u00e4fts- und Universit\u00e4ts-Mittelpunkt von S\u00fcdost-Serbien.\u2022 Nis ist eine \u201eclevere\u201d Stadt, sie ist ein Universit\u00e4tszentrum mit 13 Fakult\u00e4ten.\u2022 In Nis k\u00f6nnen Sie landen aber auch wegfliegen. Wo anders, als vom \u2013 internationalen Flughafen \u201eKonstantin Veliki\u201d.\u2022 Nis ist \u201e\u00e4lter als die Bibel\u201d, wor\u00fcber zahlreiche pr\u00e4historische St\u00e4tten im Stadtbereich bezeugen.\u2022 In Nis wurde im Jahr 276 der r\u00f6mische Kaiser Konstantin der Gro\u00dfe geboren, in der Geschichte bekannt als \u201eder erste Christen-Kaiser\u201c.\u2022 Nis hat auch die Alpen. Wenn Sie uns nicht glauben, dann lesen Sie bei Jovan Cvijic, der so den Riff vom Berg \u201eSuva planina\u201c genannt hat.\u2022 Nis wird von herrlichen Bergmassiven geh\u00fctet &#8211; Suva planina, Svrljiske planine und planina Seli\u010devica.\u2022 Nis at auch einen Kurort \u201eNiska Banja\u201c genannt, Niska Banja hat warmes Wasser, warmes Wasser heilt alle Krankheiten. Probieren Sie es ruhig.\u2022 F\u00fcr diejenigen die es nicht wissen, Die Nis Einwohner kennen auch andere Kasuse au\u00dfer Nominativ und Lokativ.<\/p>\n<p style=\"text-align: justify;\">Aufgrund seiner wichtigen geostrategischen Lage hatte Nis eine turbulente Vergangenheit. Zahlreiche Armeen, V\u00f6lker und Herrscher haben ihre Spuren hinterlassen. Besuchen Sie die kulturellen und historischen Denkmale von Nis, betreten Sie die Zeitmaschine und spazieren Sie durch einen Teil der Welt und die serbische Geschichte.<\/p>\n<p><\/p>\n<h2 class='fw-special-title'>Unsere Arbeiten<\/h2>\n<p> VORHER &#038; NACHHER<br \/>\n <a href=\"https:\/\/mmdent.rs\/en\/our-works\/\" target=\"_self\" rel=\"noopener\"><img src=\"\/\/mmdent.rs\/wp-content\/uploads\/2022\/10\/Pre-i-posle-primer.jpg\" alt=\"\/\/mmdent.rs\/wp-content\/uploads\/2022\/10\/Pre-i-posle-primer.jpg\" \/><\/a><br \/>\n<a href=\"\" target=\"_self\" class=\"btn btn-lg btn-primary\" data-action=\"scroll\" rel=\"noopener\"><br \/>\n BILDER ANZEIGEN<br \/>\n<\/a><\/p>\n<h2 class='fw-special-title'>Unsere Arbeiten<\/h2>\n<p> B\u00dcRO &#038; TEAM<br \/>\n <img src=\"\/\/mmdent.rs\/wp-content\/uploads\/2022\/10\/gallery.jpg\" alt=\"\/\/mmdent.rs\/wp-content\/uploads\/2022\/10\/gallery.jpg\" \/><br \/>\n<a href=\"\" target=\"_self\" class=\"btn btn-lg btn-primary\" data-action=\"scroll\" rel=\"noopener\"><br \/>\n GALERIE ANSEHEN<br \/>\n<\/a><\/p>\n<h2 class='fw-special-title'>Wie kommen Sie zu uns?<\/h2>\n<p style=\"text-align: justify;\">Die Ordination MM DENT befindet sich in der Stadt Nis, in der Stra\u00dfe Ljube Ilic &#8211; Stoleta 13 in Serbien. Der Flughafen Nis f\u00f6rdert in Zusammenarbeit mit den Fluggesellschaften Wizzair und Rayanair Passagiere aus Vienna. MM DENT bietet unter anderem einen kostenlosen Transport vom Flughafen zu einem der Hotels aus unserem Angebot oder anderen Destinationen, die den Kunden passen, sowie vom ausgew\u00e4hlten Unterkunftsplatz zum B\u00fcro.<\/p>\n<h3 class='fw-special-title'>Wir schlagen folgende Hotels vor:<\/h3>\n<p style=\"text-align: justify;\">MY PLACE &#8211; <a href=\"http:\/\/www.hotelmyplace.com\">www.hotelmyplace.com<\/a>DUO D &#8211; <a href=\"https:\/\/www.duod.rs\/\">https:\/\/www.duod.rs<\/a>HOTEL ETER &#8211; <a href=\"http:\/\/www.eterhotel.rs\">www.eterhotel.rs<\/a><\/p>\n<p style=\"text-align: justify;\">Es besteht die M\u00f6glichkeit, einen professionellen \u00dcbersetzer zum Preis von 20 \u20ac pro Stunde anzustellen. Wir k\u00f6nnen auch einen Reisef\u00fchrer bestellen, mit dem Sie die Sehensw\u00fcrdigkeiten unserer Stadt und der Umgebung sehen k\u00f6nnen, um die Wartezeit auf ie Behandlung so gut wie m\u00f6glich zu n\u00fctzen.<\/p>\n<\/p>\n<p> Ljube Ili\u0107a Stoleta 13,<br \/>\n18000 Ni\u0161.<br \/>\n \u200e+381 66 23 88 47<br \/>\n <a href=\"mailto:office@mmdent.rs\">office@mmdent.rs<\/a><\/p>\n<h2 class='fw-special-title'>Nehmen Sie Kontakt zu uns auf <\/h2>\n<p role=\"status\" aria-live=\"polite\" aria-atomic=\"true\">\n<p>Name[\/text*]<br \/>\nTelefon[\/tel*]<br \/>\nE-mail[\/email*]<br \/>\nIhre Nachricht[\/textarea*]<br \/>\nInviaSenden&#8221;]<\/p>\n<p><!-- 4547e88c0232fc14cfeedbdaca054da6 --><\/div>","protected":false},"excerpt":{"rendered":"<p>Zahnpflege Urlaub HOCHWERTIGE ZAHN\u00c4RZTLICHE DIENSTLEISTUNGEN Erz\u00e4hl mir mehr document.addEventListener(&#8220;DOMContentLoaded&#8221;, function(event) { jQuery( &#8216;#slider-pro-3-3753&#8217; ).sliderPro({ \/\/width forceSize: &#8216;fullWidth&#8217;, \/\/height autoHeight: true, \/\/auto play autoplay: true, autoplayOnHover: &#8216;none&#8217;, autoplayDelay: 6000, arrows: true,..<\/p>\n","protected":false},"author":1,"featured_media":0,"parent":0,"menu_order":0,"comment_status":"closed","ping_status":"closed","template":"","meta":[],"aioseo_notices":[],"_links":{"self":[{"href":"https:\/\/mmdent.rs\/at\/wp-json\/wp\/v2\/pages\/3456"}],"collection":[{"href":"https:\/\/mmdent.rs\/at\/wp-json\/wp\/v2\/pages"}],"about":[{"href":"https:\/\/mmdent.rs\/at\/wp-json\/wp\/v2\/types\/page"}],"author":[{"embeddable":true,"href":"https:\/\/mmdent.rs\/at\/wp-json\/wp\/v2\/users\/1"}],"replies":[{"embeddable":true,"href":"https:\/\/mmdent.rs\/at\/wp-json\/wp\/v2\/comments?post=3456"}],"version-history":[{"count":0,"href":"https:\/\/mmdent.rs\/at\/wp-json\/wp\/v2\/pages\/3456\/revisions"}],"wp:attachment":[{"href":"https:\/\/mmdent.rs\/at\/wp-json\/wp\/v2\/media?parent=3456"}],"curies":[{"name":"wp","href":"https:\/\/api.w.org\/{rel}","templated":true}]}}