{"id":3777,"date":"2022-07-11T21:51:44","date_gmt":"2022-07-11T20:51:44","guid":{"rendered":"https:\/\/mmdent.simplyweb.in.rs\/en\/?page_id=3777"},"modified":"2022-10-25T10:44:43","modified_gmt":"2022-10-25T09:44:43","slug":"prosthetics","status":"publish","type":"page","link":"https:\/\/mmdent.rs\/at\/prothetik\/","title":{"rendered":"Prothetik"},"content":{"rendered":"<p>Ein oder mehrere fehlende Z\u00e4hne verursachen neben der \u00c4sthetik in der Regel eine Reihe weiterer Probleme, wie z. B. Schwierigkeiten beim Kauen, Atmen oder Sprechen. Folglich f\u00fchrt das zu einem Verdauungsproblem.<br \/>\nZahnlosigkeit f\u00fchrt auch zu Sch\u00e4den an den Kieferknochen und Kiefer und verformt im \u00e4sthetischen Sinne den unteren Gesichtsteil vollst\u00e4ndig. Durch das Fehlen eines Zahnes k\u00f6nnen sich andere Z\u00e4hne in Richtung dieses leeren Raumes bewegen, was die sp\u00e4teren Prothetik-Behandlungen erschwert.<\/p>\n<p>Die moderne Zahnprothetik erm\u00f6glicht unseren Patienten die verlorenen Z\u00e4hne zu ersetzen, die im \u00e4sthetischen und funktionellen Sinn M\u00e4ngel an einem oder mehreren Z\u00e4hnen beheben k\u00f6nnen. In \u00dcbereinstimmung mit dem Zustand des Zahnes jedes Patienten und in \u00dcbereinstimmung mit Ihren W\u00fcnschen schl\u00e4gt die MMDENT Zahnarztpraxis die besten L\u00f6sungen f\u00fcr jeden einzelnen Fall vor und wendet sie an. Prothetische Behandlungen setzen sich wie folgt zusammen: feste (Kronen und Br\u00fccken), mobile (Prothesen) und kombinierte (Br\u00fccken und Prothesen).<\/p>\n<h3 class=\"dental_tourism\">ARTEN DER FESTEN BEHANDLUNGEN<\/h3>\n<h4 class=\"dental_tourism\">Zirkonium Keramik<\/h4>\n<p style=\"text-align: justify;\">Zirkonium ist ein relativ neues Material in der Zahnmedizin und sicherlich die gr\u00f6\u00dfte Entdeckung der Metallkeramikkrone. Zirkonium ist ein biokompatibles Material, es leitet keine allergischen Reaktionen auf umgebende Gewebe, ein schlechter Leiter von W\u00e4rme und Elektrizit\u00e4t, daher ist die \u00dcberempfindlichkeit des Zahnes auf das Minimum reduziert; es ist eine ung\u00fcnstige Grundlage zur Ansammlung von Plaque (Ablagerungen), was die Durchf\u00fchrung der Mundhygiene erheblich erleichtert und die Gingivarezession verringert. Zusammen mit allen oben erw\u00e4hnten Vorteilen ist das Zirkonium ausreichend fest, um der Bi\u00dfkraft des Seitenbereiches zu widerstehen, es bricht nicht obwohl es keine Metallbasis hat. Die \u00e4sthetischen Eigenschaften sind au\u00dfergew\u00f6hnlich und geben dem Techniker die M\u00f6glichkeit, die Krone so anzupassen, da\u00df sie schwer von einem nat\u00fcrlichen Zahn zu unterscheiden ist.<\/p>\n<h4 class=\"dental_tourism\">Metallfreie Keramik (Ivoclar E-MAX Press)<\/h4>\n<p style=\"text-align: justify;\">Wird im vorderen und seitlichen Bereich verwendet, um eine hohe \u00c4sthetik der kronenf\u00f6rmigen Z\u00e4hne oder eine minimalinvasive Technik f\u00fcr Veneers, Inlay, Onlay und Overlay zu erreichen. Da es keine Grundlage gibt, die St\u00e4rke und Widerstand bietet, ist sie nicht geeignet f\u00fcr Br\u00fcckenaufbau im seitlichen Bereich wegen der Bisskraft.<\/p>\n<h4 class=\"dental_tourism\">Metall-Keramik<\/h4>\n<p style=\"text-align: justify;\">Durch Entwicklung der Zahnmedizin und Dentalstoffen wird die Anwendung von Voll-Metallkronen ausgesetzt und die Metallkeramikkrone eingef\u00fchrt. Sie besteht aus einer Metallbasis (Kobalt &#8211; Chrom &#8211; Molybd\u00e4n oder Nickel &#8211; Chrom &#8211; Molybd\u00e4n), auf die, unter speziellen Laborbedingungen Keramik aufgetragen wird. Auf diese Weise sieht die Krone wie ein Zahn aus und befriedigt die \u00c4sthetik. Die St\u00e4rke der Metallbasis und die \u00c4sthetik der Keramik erm\u00f6glichen die Anwendung von metallkeramischen Kronen und Br\u00fccken sowohl im Seiten- als auch im Frontbereich.<\/p>\n<h3 class=\"dental_tourism\">ARTE DER MOBILEN BEHANDLUNGEN<\/h3>\n<h4 class=\"dental_tourism\">Acryl Prothesen<\/h4>\n<p style=\"text-align: justify;\">Sie sind ideal f\u00fcr vollst\u00e4ndige Zahnlosigkeit und k\u00f6nnen in vielen anderen F\u00e4llen eine ausgezeichnete L\u00f6sung sein. Besonders beliebt sind die mit Titangewebe verst\u00e4rkten Totalprothesen aus Acryl, die die Widerstandsf\u00e4higkeit deutlich erh\u00f6hen. Der finanzielle Aspekt macht sie sehr anspruchsvoll, weil sie eine erschwingliche, langlebige L\u00f6sung sind. \u00c4sthetisch sind das auch ausgezeichnete L\u00f6sungen und erf\u00fcllen die sehr hohen Kriterien.<\/p>\n<h4 class=\"dental_tourism\">Skelett Prothesen<\/h4>\n<p style=\"text-align: justify;\">Skelettprothesen sind mobile prothetische Kompensationen und werden mit festen Prothesen (Br\u00fccken) kombiniert. Ihr Vorteil ist ein Gef\u00fchl der Nat\u00fcrlichkeit (im Gegensatz zu den totalen, bei denen das Gef\u00fchl eines Fremdk\u00f6rpers besteht, an den sich der Patient mit der Zeit gew\u00f6hnt), weil das Gef\u00fchl des Fremdk\u00f6rpers verringert wird. Sie k\u00f6nnen mit Zahnbr\u00fccken (festen Bestandteilen), durch Befestigungen, Gleiter oder Haken verbunden werden. Gleiter sind eine \u00e4sthetisch einwandfreie L\u00f6sung, weil sie nicht sichtbar sind. Unabh\u00e4ngig von der Art der Verbindung: Befestigungen, Gleiter oder Haken, k\u00f6nnen die Prothesen entfernt und geputzt werden.<\/p>\n<p><\/p>","protected":false},"excerpt":{"rendered":"<p>Ein oder mehrere fehlende Z\u00e4hne verursachen neben der \u00c4sthetik in der Regel eine Reihe weiterer Probleme, wie z. B. Schwierigkeiten beim Kauen, Atmen oder Sprechen. Folglich f\u00fchrt das zu einem..<\/p>\n","protected":false},"author":3,"featured_media":0,"parent":0,"menu_order":0,"comment_status":"closed","ping_status":"closed","template":"","meta":[],"aioseo_notices":[],"_links":{"self":[{"href":"https:\/\/mmdent.rs\/at\/wp-json\/wp\/v2\/pages\/3777"}],"collection":[{"href":"https:\/\/mmdent.rs\/at\/wp-json\/wp\/v2\/pages"}],"about":[{"href":"https:\/\/mmdent.rs\/at\/wp-json\/wp\/v2\/types\/page"}],"author":[{"embeddable":true,"href":"https:\/\/mmdent.rs\/at\/wp-json\/wp\/v2\/users\/3"}],"replies":[{"embeddable":true,"href":"https:\/\/mmdent.rs\/at\/wp-json\/wp\/v2\/comments?post=3777"}],"version-history":[{"count":0,"href":"https:\/\/mmdent.rs\/at\/wp-json\/wp\/v2\/pages\/3777\/revisions"}],"wp:attachment":[{"href":"https:\/\/mmdent.rs\/at\/wp-json\/wp\/v2\/media?parent=3777"}],"curies":[{"name":"wp","href":"https:\/\/api.w.org\/{rel}","templated":true}]}}