{"id":3780,"date":"2022-07-11T21:53:14","date_gmt":"2022-07-11T20:53:14","guid":{"rendered":"https:\/\/mmdent.simplyweb.in.rs\/en\/?page_id=3780"},"modified":"2022-10-25T10:55:08","modified_gmt":"2022-10-25T09:55:08","slug":"teeth-technique","status":"publish","type":"page","link":"https:\/\/mmdent.rs\/at\/zahntechnik\/","title":{"rendered":"Zahntechnik"},"content":{"rendered":"<p><i class=\"fa fa-angle-right\"><\/i>Erstellung von Kronen und Keramikbr\u00fccken (Metallkeramik, Keramik auf Zirkonium, Keramikfacetten, metallfreie Keramik)<\/p>\n<p><i class=\"fa fa-angle-right\"><\/i>Erstellung von Kronen und Br\u00fccken auf Implantaten<\/p>\n<p><i class=\"fa fa-angle-right\"><\/i>Skelett-Totalprothesen auf Zahnimplantaten<\/p>\n<p><i class=\"fa fa-angle-right\"><\/i>Total- und Teilprothesen, provisorische Br\u00fccken und Prothesen<\/p>\n<p><i class=\"fa fa-angle-right\"><\/i>Skelett-Prothesen<\/p>\n<p><i class=\"fa fa-angle-right\"><\/i>Retainer<\/p>\n<p>Die hochmodernen Ger\u00e4te und Technikausr\u00fcstung, unsere langj\u00e4hrige Arbeitserfahrung garantieren dem Patienten, der in MM DENT behandelt wird, das optimale Ergebnis von Funktionalit\u00e4t und \u00c4sthetik.<\/p>","protected":false},"excerpt":{"rendered":"<p>Erstellung von Kronen und Keramikbr\u00fccken (Metallkeramik, Keramik auf Zirkonium, Keramikfacetten, metallfreie Keramik) Erstellung von Kronen und Br\u00fccken auf Implantaten Skelett-Totalprothesen auf Zahnimplantaten Total- und Teilprothesen, provisorische Br\u00fccken und Prothesen Skelett-Prothesen..<\/p>\n","protected":false},"author":3,"featured_media":0,"parent":0,"menu_order":0,"comment_status":"closed","ping_status":"closed","template":"","meta":[],"aioseo_notices":[],"_links":{"self":[{"href":"https:\/\/mmdent.rs\/at\/wp-json\/wp\/v2\/pages\/3780"}],"collection":[{"href":"https:\/\/mmdent.rs\/at\/wp-json\/wp\/v2\/pages"}],"about":[{"href":"https:\/\/mmdent.rs\/at\/wp-json\/wp\/v2\/types\/page"}],"author":[{"embeddable":true,"href":"https:\/\/mmdent.rs\/at\/wp-json\/wp\/v2\/users\/3"}],"replies":[{"embeddable":true,"href":"https:\/\/mmdent.rs\/at\/wp-json\/wp\/v2\/comments?post=3780"}],"version-history":[{"count":0,"href":"https:\/\/mmdent.rs\/at\/wp-json\/wp\/v2\/pages\/3780\/revisions"}],"wp:attachment":[{"href":"https:\/\/mmdent.rs\/at\/wp-json\/wp\/v2\/media?parent=3780"}],"curies":[{"name":"wp","href":"https:\/\/api.w.org\/{rel}","templated":true}]}}